{"id":1992,"date":"2020-07-29T20:41:24","date_gmt":"2020-07-29T20:41:24","guid":{"rendered":"http:\/\/192.99.158.172\/?page_id=1992"},"modified":"2025-06-24T11:44:23","modified_gmt":"2025-06-24T15:44:23","slug":"lesson-plans","status":"publish","type":"page","link":"https:\/\/thatsnotfair.ca\/fr\/lesson-plans\/","title":{"rendered":"Les plans de le\u00e7ons"},"content":{"rendered":"<div id=\"fws_69e5c64b84c50\"  data-column-margin=\"default\" data-midnight=\"dark\"  class=\"wpb_row vc_row-fluid vc_row full-width-section vc_row-o-full-height vc_row-o-columns-middle vc_row-o-equal-height vc_row-flex vc_row-o-content-middle\"  style=\"padding-top: 0px; padding-bottom: 0px; \"><div class=\"row-bg-wrap\" data-bg-animation=\"none\" data-bg-animation-delay=\"\" data-bg-overlay=\"false\"><div class=\"inner-wrap row-bg-layer using-image\" ><div class=\"row-bg viewport-desktop using-image\"  style=\"background-image: url(https:\/\/thatsnotfair.ca\/wp-content\/uploads\/2012\/07\/CityHall.jpg); background-position: center top; background-repeat: no-repeat; \"><\/div><\/div><\/div><div class=\"row_col_wrap_12 col span_12 dark left\">\n\t<div style=\"\" class=\"vc_col-sm-12 wpb_column column_container vc_column_container col padding-5-percent inherit_tablet inherit_phone\" data-using-bg=\"true\" data-padding-pos=\"all\" data-has-bg-color=\"true\" data-bg-color=\"#ffffff\" data-bg-opacity=\"0.8\" data-hover-bg=\"#ffffff\" data-hover-bg-opacity=\"0.8\" data-animation=\"\" data-delay=\"0\" >\n\t\t<div class=\"vc_column-inner\" ><div class=\"column-bg-overlay-wrap column-bg-layer\" data-bg-animation=\"none\"><div class=\"column-bg-overlay\" style=\"opacity: 0.8; background-color: #ffffff;\"><\/div><\/div>\n\t\t\t<div class=\"wpb_wrapper\">\n\t\t\t\t<h1 style=\"color: #ff1a19;text-align: center\" class=\"vc_custom_heading vc_do_custom_heading\" >Les plans de le\u00e7ons<\/h1><p style=\"color: #000000;text-align: center\" class=\"vc_custom_heading vc_do_custom_heading\" >Des plans de cours sont disponibles pour chacun des \u00e9pisodes de la s\u00e9rie C\u2019est injuste !<br \/>\nClasses : 3-6 | Sujets : Arts du langage et \u00e9tudes sociales\/ sciences humaines<\/p><div id=\"fws_69e5c64b85a7b\" data-midnight=\"\" data-column-margin=\"default\" class=\"wpb_row vc_row-fluid vc_row inner_row\"  style=\"\"><div class=\"row-bg-wrap\"> <div class=\"row-bg\" ><\/div> <\/div><div class=\"row_col_wrap_12_inner col span_12  left\">\n\t<div  class=\"vc_col-sm-2 wpb_column column_container vc_column_container col child_column no-extra-padding inherit_tablet inherit_phone\"   data-padding-pos=\"all\" data-has-bg-color=\"false\" data-bg-color=\"\" data-bg-opacity=\"1\" data-animation=\"\" data-delay=\"0\" >\n\t\t<div class=\"vc_column-inner\" >\n\t\t<div class=\"wpb_wrapper\">\n\t\t\t\n\t\t<\/div> \n\t<\/div>\n\t<\/div> \n\n\t<div  class=\"vc_col-sm-8 wpb_column column_container vc_column_container col child_column centered-text padding-1-percent inherit_tablet inherit_phone\"   data-padding-pos=\"top-bottom\" data-has-bg-color=\"false\" data-bg-color=\"\" data-bg-opacity=\"1\" data-animation=\"\" data-delay=\"0\" >\n\t\t<div class=\"vc_column-inner\" >\n\t\t<div class=\"wpb_wrapper\">\n\t\t\t<a class=\"nectar-button jumbo regular extra-color-2  regular-button popmake-2570\"  role=\"button\" style=\"color: #ffffff; \"  href=\"#\" data-color-override=\"false\" data-hover-color-override=\"false\" data-hover-text-color-override=\"#fff\"><span>Inscrivez-vous \u00e0 notre liste de diffusion<\/span><\/a>\n\t\t<\/div> \n\t<\/div>\n\t<\/div> \n\n\t<div  class=\"vc_col-sm-2 wpb_column column_container vc_column_container col child_column no-extra-padding inherit_tablet inherit_phone\"   data-padding-pos=\"all\" data-has-bg-color=\"false\" data-bg-color=\"\" data-bg-opacity=\"1\" data-animation=\"\" data-delay=\"0\" >\n\t\t<div class=\"vc_column-inner\" >\n\t\t<div class=\"wpb_wrapper\">\n\t\t\t\n\t\t<\/div> \n\t<\/div>\n\t<\/div> \n<\/div><\/div><div id=\"fws_69e5c64b86e72\" data-midnight=\"\" data-column-margin=\"20px\" class=\"wpb_row vc_row-fluid vc_row inner_row vc_row-o-equal-height vc_row-flex vc_row-o-content-top\"  style=\"\"><div class=\"row-bg-wrap\"> <div class=\"row-bg\" ><\/div> <\/div><div class=\"row_col_wrap_12_inner col span_12  left\">\n\t<div style=\" color: #ffffff;\" class=\"vc_col-sm-6 wpb_column column_container vc_column_container col child_column padding-3-percent inherit_tablet inherit_phone\" data-cfc=\"true\" data-using-bg=\"true\" data-bg-cover=\"true\" data-padding-pos=\"all\" data-has-bg-color=\"true\" data-bg-color=\"#3366ff\" data-bg-opacity=\"0.9\" data-hover-bg=\"#3366ff\" data-hover-bg-opacity=\"0.9\" data-animation=\"\" data-delay=\"0\" >\n\t\t<div class=\"vc_column-inner\" ><div class=\"column-image-bg-wrap column-bg-layer viewport-desktop\" data-bg-pos=\"center center\" data-bg-animation=\"none\" data-bg-overlay=\"false\"><div class=\"inner-wrap\"><div class=\"column-image-bg\" style=\" background-image: url('https:\/\/thatsnotfair.ca\/wp-content\/uploads\/2020\/07\/video_mess-scaled.jpg'); \"><\/div><\/div><\/div><div class=\"column-bg-overlay-wrap column-bg-layer\" data-bg-animation=\"none\"><div class=\"column-bg-overlay\" style=\"opacity: 0.9; background-color: #3366ff;\"><\/div><\/div>\n\t\t<div class=\"wpb_wrapper\">\n\t\t\t<h3 style=\"color: #ffffff;text-align: left\" class=\"vc_custom_heading vc_do_custom_heading\" >Le maire Moe cr\u00e9e la pagaille<\/h3>\n<div class=\"wpb_text_column wpb_content_element\" >\n\t<div class=\"wpb_wrapper\">\n\t\t<p>Dans cette vid\u00e9o, le conseil municipal impose une r\u00e8gle sur le code vestimentaire pour tous les conseillers municipaux.<\/p>\n<ul>\n<li>Les \u00e9l\u00e8ves exploreront le concept de libert\u00e9 de religion et de croyance.<\/li>\n<li>Les \u00e9l\u00e8ves comprendront l'accommodement religieux : il faut parfois traiter certaines personnes diff\u00e9remment afin d'\u00eatre juste.<\/li>\n<li>Les \u00e9l\u00e8ves appliqueront le test du gland pour d\u00e9terminer si une r\u00e8gle qui limite la libert\u00e9 de religion est juste ou non.<\/li>\n<\/ul>\n\t<\/div>\n<\/div>\n\n\n\n<a class=\"nectar-button large regular extra-color-3  regular-button\"  role=\"button\" style=\"color: #ffffff; \" target=\"_blank\" href=\"https:\/\/thatsnotfair.ca\/wp-content\/uploads\/2021\/03\/FR-Plan-de-cours-Mayor-Moe-Mess.pdf\" data-color-override=\"false\" data-hover-color-override=\"false\" data-hover-text-color-override=\"#fff\"><span>T\u00e9l\u00e9chargez le plan de cours<\/span><\/a>\n\t\t<\/div> \n\t<\/div>\n\t<\/div> \n\n\t<div style=\" color: #ffffff;\" class=\"vc_col-sm-6 wpb_column column_container vc_column_container col child_column padding-3-percent inherit_tablet inherit_phone\" data-cfc=\"true\" data-using-bg=\"true\" data-bg-cover=\"true\" data-padding-pos=\"all\" data-has-bg-color=\"true\" data-bg-color=\"#3366ff\" data-bg-opacity=\"0.9\" data-hover-bg=\"#3366ff\" data-hover-bg-opacity=\"0.9\" data-animation=\"\" data-delay=\"0\" >\n\t\t<div class=\"vc_column-inner\" ><div class=\"column-image-bg-wrap column-bg-layer viewport-desktop\" data-bg-pos=\"center center\" data-bg-animation=\"none\" data-bg-overlay=\"false\"><div class=\"inner-wrap\"><div class=\"column-image-bg\" style=\" background-image: url('https:\/\/thatsnotfair.ca\/wp-content\/uploads\/2020\/07\/video_lostChain-scaled.jpg'); \"><\/div><\/div><\/div><div class=\"column-bg-overlay-wrap column-bg-layer\" data-bg-animation=\"none\"><div class=\"column-bg-overlay\" style=\"opacity: 0.9; background-color: #3366ff;\"><\/div><\/div>\n\t\t<div class=\"wpb_wrapper\">\n\t\t\t<h3 style=\"color: #ffffff;text-align: left\" class=\"vc_custom_heading vc_do_custom_heading\" >Le maire Moe et la cha\u00eene perdue<\/h3>\n<div class=\"wpb_text_column wpb_content_element\" >\n\t<div class=\"wpb_wrapper\">\n\t\t<p>Dans cette vid\u00e9o, le maire Moe fouille tout le monde \u00e0 l'h\u00f4tel de ville quand sa cha\u00eene de bureau dispara\u00eet.<\/p>\n<ul>\n<li>Les \u00e9l\u00e8ves apprendront ce que signifie avoir le droit \u00e0 la vie priv\u00e9e.<\/li>\n<li>Les \u00e9l\u00e8ves apprendront que le respect de la vie priv\u00e9e est important, car les gens ont droit \u00e0 la dignit\u00e9 et au respect, et que le fait d'envahir la vie priv\u00e9e d'une personne peut causer des ennuis.<\/li>\n<li>Les \u00e9l\u00e8ves examineront les situations dans lesquelles il pourrait \u00eatre juste que les autorit\u00e9s portent atteinte \u00e0 la vie priv\u00e9e d'une personne.<\/li>\n<\/ul>\n\t<\/div>\n<\/div>\n\n\n\n<a class=\"nectar-button large regular extra-color-3  regular-button\"  role=\"button\" style=\"color: #ffffff; \" target=\"_blank\" href=\"https:\/\/thatsnotfair.ca\/wp-content\/uploads\/2021\/03\/FR-Plan-de-cours-Moe-and-the-Lost-Chain.pdf\" data-color-override=\"false\" data-hover-color-override=\"false\" data-hover-text-color-override=\"#fff\"><span>T\u00e9l\u00e9chargez le plan de cours<\/span><\/a>\n\t\t<\/div> \n\t<\/div>\n\t<\/div> \n<\/div><\/div><div id=\"fws_69e5c64b88a44\" data-midnight=\"\" data-column-margin=\"default\" class=\"wpb_row vc_row-fluid vc_row inner_row vc_row-o-equal-height vc_row-flex vc_row-o-content-top\"  style=\"\"><div class=\"row-bg-wrap\"> <div class=\"row-bg\" ><\/div> <\/div><div class=\"row_col_wrap_12_inner col span_12  left\">\n\t<div style=\" color: #ffffff;\" class=\"vc_col-sm-6 wpb_column column_container vc_column_container col child_column padding-3-percent inherit_tablet inherit_phone\" data-cfc=\"true\" data-using-bg=\"true\" data-bg-cover=\"true\" data-padding-pos=\"all\" data-has-bg-color=\"true\" data-bg-color=\"#3366ff\" data-bg-opacity=\"0.9\" data-hover-bg=\"#3366ff\" data-hover-bg-opacity=\"0.9\" data-animation=\"\" data-delay=\"0\" >\n\t\t<div class=\"vc_column-inner\" ><div class=\"column-image-bg-wrap column-bg-layer viewport-desktop\" data-bg-pos=\"center center\" data-bg-animation=\"none\" data-bg-overlay=\"false\"><div class=\"inner-wrap\"><div class=\"column-image-bg\" style=\" background-image: url('https:\/\/thatsnotfair.ca\/wp-content\/uploads\/2020\/07\/video_seesStars-scaled.jpg'); \"><\/div><\/div><\/div><div class=\"column-bg-overlay-wrap column-bg-layer\" data-bg-animation=\"none\"><div class=\"column-bg-overlay\" style=\"opacity: 0.9; background-color: #3366ff;\"><\/div><\/div>\n\t\t<div class=\"wpb_wrapper\">\n\t\t\t<h3 style=\"color: #ffffff;text-align: left\" class=\"vc_custom_heading vc_do_custom_heading\" >Le maire Moe voit des etoiles<\/h3>\n<div class=\"wpb_text_column wpb_content_element\" >\n\t<div class=\"wpb_wrapper\">\n\t\t<p>Dans cette vid\u00e9o, le conseil municipal adopte un r\u00e8glement en r\u00e9ponse \u00e0 un probl\u00e8me que le maire Moe a identifi\u00e9.<\/p>\n<ul>\n<li>Les \u00e9l\u00e8ves exploreront l'\u00e9quit\u00e9 des lois et des r\u00e8gles qui limitent les droits et libert\u00e9s fondamentaux.<\/li>\n<li>Les \u00e9l\u00e8ves s'interrogeront sur l'objectif, l'efficacit\u00e9 et les effets secondaires d'une loi<\/li>\n<\/ul>\n\t<\/div>\n<\/div>\n\n\n\n<a class=\"nectar-button large regular extra-color-3  regular-button\"  role=\"button\" style=\"color: #ffffff; \" target=\"_blank\" href=\"https:\/\/thatsnotfair.ca\/wp-content\/uploads\/2021\/03\/FR-Plan-de-cours-Mayor-Moe-Sees-Stars.pdf\" data-color-override=\"false\" data-hover-color-override=\"false\" data-hover-text-color-override=\"#fff\"><span>T\u00e9l\u00e9chargez le plan de cours<\/span><\/a>\n\t\t<\/div> \n\t<\/div>\n\t<\/div> \n\n\t<div style=\" color: #ffffff;\" class=\"vc_col-sm-6 wpb_column column_container vc_column_container col child_column padding-3-percent inherit_tablet inherit_phone\" data-cfc=\"true\" data-using-bg=\"true\" data-padding-pos=\"all\" data-has-bg-color=\"true\" data-bg-color=\"#3366ff\" data-bg-opacity=\"0.9\" data-hover-bg=\"#3366ff\" data-hover-bg-opacity=\"0.9\" data-animation=\"\" data-delay=\"0\" >\n\t\t<div class=\"vc_column-inner\" ><div class=\"column-image-bg-wrap column-bg-layer viewport-desktop\" data-bg-pos=\"center center\" data-bg-animation=\"none\" data-bg-overlay=\"false\"><div class=\"inner-wrap\"><div class=\"column-image-bg\" style=\" background-image: url('https:\/\/thatsnotfair.ca\/wp-content\/uploads\/2020\/07\/video_nastyNews-scaled.jpg'); \"><\/div><\/div><\/div><div class=\"column-bg-overlay-wrap column-bg-layer\" data-bg-animation=\"none\"><div class=\"column-bg-overlay\" style=\"opacity: 0.9; background-color: #3366ff;\"><\/div><\/div>\n\t\t<div class=\"wpb_wrapper\">\n\t\t\t<h3 style=\"color: #ffffff;text-align: left\" class=\"vc_custom_heading vc_do_custom_heading\" >Le maire Moe et les nouvelles d\u00e9sagr\u00e9ables<\/h3>\n<div class=\"wpb_text_column wpb_content_element\" >\n\t<div class=\"wpb_wrapper\">\n\t\t<p>Dans cette vid\u00e9o, le conseil municipal fait une loi \" Sois gentil !\" pour emp\u00eacher quiconque de dire des choses n\u00e9gatives ou d\u00e9sagr\u00e9ables.<\/p>\n<ul>\n<li>Les \u00e9tudiants apprendront que la libert\u00e9 d'expression et la libert\u00e9 de la presse sont garanties dans les d\u00e9mocraties.<\/li>\n<li>Les \u00e9l\u00e8ves identifieront les cas o\u00f9 il pourrait \u00eatre juste ou injuste de limiter la libert\u00e9 d'expression.<\/li>\n<li>Les \u00e9tudiants apprendront comment fonctionne un conseil municipal et participeront \u00e0 un d\u00e9bat et \u00e0 un vote simul\u00e9 du conseil municipal.<\/li>\n<li>Les \u00e9tudiants examineront plusieurs points de vue.<\/li>\n<\/ul>\n\t<\/div>\n<\/div>\n\n\n\n<a class=\"nectar-button large regular extra-color-3  regular-button\"  role=\"button\" style=\"color: #ffffff; \" target=\"_blank\" href=\"https:\/\/thatsnotfair.ca\/wp-content\/uploads\/2021\/03\/FR-Plan-de-cours-Mayor-Moe-Nasty-News.pdf\" data-color-override=\"false\" data-hover-color-override=\"false\" data-hover-text-color-override=\"#fff\"><span>T\u00e9l\u00e9chargez le plan de cours<\/span><\/a>\n\t\t<\/div> \n\t<\/div>\n\t<\/div> \n<\/div><\/div><div id=\"fws_69e5c64b8a462\" data-midnight=\"\" data-column-margin=\"default\" class=\"wpb_row vc_row-fluid vc_row inner_row vc_row-o-equal-height vc_row-flex vc_row-o-content-top\"  style=\"\"><div class=\"row-bg-wrap\"> <div class=\"row-bg\" ><\/div> <\/div><div class=\"row_col_wrap_12_inner col span_12  left\">\n\t<div style=\" color: #ffffff;\" class=\"vc_col-sm-6 wpb_column column_container vc_column_container col child_column padding-3-percent inherit_tablet inherit_phone\" data-cfc=\"true\" data-using-bg=\"true\" data-bg-cover=\"true\" data-padding-pos=\"all\" data-has-bg-color=\"true\" data-bg-color=\"#3366ff\" data-bg-opacity=\"0.9\" data-hover-bg=\"#3366ff\" data-hover-bg-opacity=\"0.9\" data-animation=\"\" data-delay=\"0\" >\n\t\t<div class=\"vc_column-inner\" ><div class=\"column-image-bg-wrap column-bg-layer viewport-desktop\" data-bg-pos=\"center center\" data-bg-animation=\"none\" data-bg-overlay=\"false\"><div class=\"inner-wrap\"><div class=\"column-image-bg\" style=\" background-image: url('https:\/\/thatsnotfair.ca\/wp-content\/uploads\/2020\/07\/video_personage-scaled.jpg'); \"><\/div><\/div><\/div><div class=\"column-bg-overlay-wrap column-bg-layer\" data-bg-animation=\"none\"><div class=\"column-bg-overlay\" style=\"opacity: 0.9; background-color: #3366ff;\"><\/div><\/div>\n\t\t<div class=\"wpb_wrapper\">\n\t\t\t<h3 style=\"color: #ffffff;text-align: left\" class=\"vc_custom_heading vc_do_custom_heading\" >Le maire Moe et le personnage important<\/h3>\n<div class=\"wpb_text_column wpb_content_element\" >\n\t<div class=\"wpb_wrapper\">\n\t\t<p>Dans cette vid\u00e9o, le conseil municipal interdit les manifestations dans la ville quand un dirigeant controvers\u00e9 vient en visite.<\/p>\n<ul>\n<li>Les \u00e9l\u00e8ves exploreront leur droit de r\u00e9union pacifique.<\/li>\n<li>Les \u00e9l\u00e8ves utiliseront le test du gland pour examiner les limites de la libert\u00e9 de r\u00e9union pacifique<\/li>\n<li>Les \u00e9l\u00e8ves r\u00e9fl\u00e9chiront aux situations dans lesquelles les droits peuvent entrer en conflit les uns avec les autres.<\/li>\n<\/ul>\n\t<\/div>\n<\/div>\n\n\n\n<a class=\"nectar-button large regular extra-color-3  regular-button\"  role=\"button\" style=\"color: #ffffff; \" target=\"_blank\" href=\"https:\/\/thatsnotfair.ca\/wp-content\/uploads\/2021\/03\/FR-Plan-de-cours-Mayor-Moe-and-the-IP.pdf\" data-color-override=\"false\" data-hover-color-override=\"false\" data-hover-text-color-override=\"#fff\"><span>T\u00e9l\u00e9chargez le plan de cours<\/span><\/a>\n\t\t<\/div> \n\t<\/div>\n\t<\/div> \n\n\t<div style=\" color: #ffffff;\" class=\"vc_col-sm-6 wpb_column column_container vc_column_container col child_column padding-3-percent inherit_tablet inherit_phone\" data-cfc=\"true\" data-using-bg=\"true\" data-bg-cover=\"true\" data-padding-pos=\"all\" data-has-bg-color=\"true\" data-bg-color=\"#3366ff\" data-bg-opacity=\"0.9\" data-hover-bg=\"#3366ff\" data-hover-bg-opacity=\"0.9\" data-animation=\"\" data-delay=\"0\" >\n\t\t<div class=\"vc_column-inner\" ><div class=\"column-image-bg-wrap column-bg-layer viewport-desktop\" data-bg-pos=\"center center\" data-bg-animation=\"none\" data-bg-overlay=\"false\"><div class=\"inner-wrap\"><div class=\"column-image-bg\" style=\" background-image: url('https:\/\/thatsnotfair.ca\/wp-content\/uploads\/2020\/07\/video_greens-scaled.jpg'); \"><\/div><\/div><\/div><div class=\"column-bg-overlay-wrap column-bg-layer\" data-bg-animation=\"none\"><div class=\"column-bg-overlay\" style=\"opacity: 0.9; background-color: #3366ff;\"><\/div><\/div>\n\t\t<div class=\"wpb_wrapper\">\n\t\t\t<h3 style=\"color: #ffffff;text-align: left\" class=\"vc_custom_heading vc_do_custom_heading\" >La boutique de Mr. Vert<\/h3>\n<div class=\"wpb_text_column wpb_content_element\" >\n\t<div class=\"wpb_wrapper\">\n\t\t<p>Dans cette vid\u00e9o, le conseil municipal adopte un r\u00e8glement visant \u00e0 rendre ill\u00e9gale la discrimination lors de l'embauche de personnel pour les employeurs.<\/p>\n<ul>\n<li>Les \u00e9tudiants apprendront l'importance des droits \u00e0 l'\u00e9galit\u00e9 et de l'absence de discrimination.<\/li>\n<li>Les \u00e9l\u00e8ves exploreront les droits \u00e0 l'\u00e9galit\u00e9 dans le contexte des groupes scolaires et des pratiques d'embauche.<\/li>\n<li>Les \u00e9l\u00e8ves apprendront \u00e0 \u00e9valuer les bonnes et les mauvaises raisons de faire une distinction entre les personnes.<\/li>\n<li>Les \u00e9l\u00e8ves utiliseront le test du gland pour \u00e9valuer le caract\u00e8re raisonnable\/juste.<\/li>\n<\/ul>\n\t<\/div>\n<\/div>\n\n\n\n<a class=\"nectar-button large regular extra-color-3  regular-button\"  role=\"button\" style=\"color: #ffffff; \" target=\"_blank\" href=\"https:\/\/thatsnotfair.ca\/wp-content\/uploads\/2021\/03\/FR-Plan-de-cours-Mayor-Moe-Greens-Greens.pdf\" data-color-override=\"false\" data-hover-color-override=\"false\" data-hover-text-color-override=\"#fff\"><span>T\u00e9l\u00e9chargez le plan de cours<\/span><\/a>\n\t\t<\/div> \n\t<\/div>\n\t<\/div> \n<\/div><\/div><div id=\"fws_69e5c64b8bc44\" data-midnight=\"\" data-column-margin=\"default\" class=\"wpb_row vc_row-fluid vc_row inner_row\"  style=\"\"><div class=\"row-bg-wrap\"> <div class=\"row-bg\" ><\/div> <\/div><div class=\"row_col_wrap_12_inner col span_12  left\">\n\t<div  class=\"vc_col-sm-2 wpb_column column_container vc_column_container col child_column no-extra-padding inherit_tablet inherit_phone\"   data-padding-pos=\"all\" data-has-bg-color=\"false\" data-bg-color=\"\" data-bg-opacity=\"1\" data-animation=\"\" data-delay=\"0\" >\n\t\t<div class=\"vc_column-inner\" >\n\t\t<div class=\"wpb_wrapper\">\n\t\t\t\n\t\t<\/div> \n\t<\/div>\n\t<\/div> \n\n\t<div  class=\"vc_col-sm-8 wpb_column column_container vc_column_container col child_column centered-text padding-3-percent inherit_tablet inherit_phone\"   data-padding-pos=\"top-bottom\" data-has-bg-color=\"false\" data-bg-color=\"\" data-bg-opacity=\"1\" data-animation=\"\" data-delay=\"0\" >\n\t\t<div class=\"vc_column-inner\" >\n\t\t<div class=\"wpb_wrapper\">\n\t\t\t<a class=\"nectar-button jumbo regular extra-color-2  regular-button\"  role=\"button\" style=\"color: #ffffff; \" target=\"_blank\" href=\"https:\/\/thatsnotfair.ca\/wp-content\/uploads\/2021\/03\/FR-Plan-de-cours-All.zip\" data-color-override=\"false\" data-hover-color-override=\"false\" data-hover-text-color-override=\"#fff\"><span>T\u00e9l\u00e9chargez le dossier complet du plan de cours<\/span><\/a>\n\t\t<\/div> \n\t<\/div>\n\t<\/div> \n\n\t<div  class=\"vc_col-sm-2 wpb_column column_container vc_column_container col child_column no-extra-padding inherit_tablet inherit_phone\"   data-padding-pos=\"all\" data-has-bg-color=\"false\" data-bg-color=\"\" data-bg-opacity=\"1\" data-animation=\"\" data-delay=\"0\" >\n\t\t<div class=\"vc_column-inner\" >\n\t\t<div class=\"wpb_wrapper\">\n\t\t\t\n\t\t<\/div> \n\t<\/div>\n\t<\/div> \n<\/div><\/div>\n\t\t\t<\/div> \n\t\t<\/div>\n\t<\/div> \n<\/div><\/div>","protected":false},"excerpt":{"rendered":"Lesson PlansLesson Plans are available for each of the episodes in the That\u2019s Not Fair! series. Grades: 3-6 | Subjects: Language Arts and Social Studies\/Humanities Join Our Mailing List Mayor...","protected":false},"author":2,"featured_media":0,"parent":0,"menu_order":0,"comment_status":"open","ping_status":"open","template":"","meta":{"footnotes":""},"class_list":["post-1992","page","type-page","status-publish"],"_links":{"self":[{"href":"https:\/\/thatsnotfair.ca\/fr\/wp-json\/wp\/v2\/pages\/1992","targetHints":{"allow":["GET"]}}],"collection":[{"href":"https:\/\/thatsnotfair.ca\/fr\/wp-json\/wp\/v2\/pages"}],"about":[{"href":"https:\/\/thatsnotfair.ca\/fr\/wp-json\/wp\/v2\/types\/page"}],"author":[{"embeddable":true,"href":"https:\/\/thatsnotfair.ca\/fr\/wp-json\/wp\/v2\/users\/2"}],"replies":[{"embeddable":true,"href":"https:\/\/thatsnotfair.ca\/fr\/wp-json\/wp\/v2\/comments?post=1992"}],"version-history":[{"count":90,"href":"https:\/\/thatsnotfair.ca\/fr\/wp-json\/wp\/v2\/pages\/1992\/revisions"}],"predecessor-version":[{"id":2575,"href":"https:\/\/thatsnotfair.ca\/fr\/wp-json\/wp\/v2\/pages\/1992\/revisions\/2575"}],"wp:attachment":[{"href":"https:\/\/thatsnotfair.ca\/fr\/wp-json\/wp\/v2\/media?parent=1992"}],"curies":[{"name":"wp","href":"https:\/\/api.w.org\/{rel}","templated":true}]}}