{"id":2096,"date":"2020-09-14T18:52:14","date_gmt":"2020-09-14T18:52:14","guid":{"rendered":"http:\/\/192.99.158.172\/?page_id=2096"},"modified":"2021-03-04T16:31:56","modified_gmt":"2021-03-04T16:31:56","slug":"privacy-policy","status":"publish","type":"page","link":"https:\/\/thatsnotfair.ca\/fr\/privacy-policy\/","title":{"rendered":"Politique de confidentialit\u00e9"},"content":{"rendered":"<div id=\"fws_69e1c8b2136a3\"  data-column-margin=\"default\" data-midnight=\"dark\"  class=\"wpb_row vc_row-fluid vc_row full-width-section vc_row-o-equal-height vc_row-flex vc_row-o-content-top\"  style=\"padding-top: 0px; padding-bottom: 0px; \"><div class=\"row-bg-wrap\" data-bg-animation=\"none\" data-bg-animation-delay=\"\" data-bg-overlay=\"false\"><div class=\"inner-wrap row-bg-layer using-image\" ><div class=\"row-bg viewport-desktop using-image\"  style=\"background-image: url(https:\/\/thatsnotfair.ca\/wp-content\/uploads\/2012\/07\/CityHall.jpg); background-position: left top; background-repeat: no-repeat; \"><\/div><\/div><\/div><div class=\"row_col_wrap_12 col span_12 dark left\">\n\t<div style=\"\" class=\"vc_col-sm-12 wpb_column column_container vc_column_container col padding-5-percent inherit_tablet inherit_phone\" data-using-bg=\"true\" data-padding-pos=\"all\" data-has-bg-color=\"true\" data-bg-color=\"#ffffff\" data-bg-opacity=\"0.8\" data-hover-bg=\"#ffffff\" data-hover-bg-opacity=\"0.8\" data-animation=\"\" data-delay=\"0\" >\n\t\t<div class=\"vc_column-inner\" ><div class=\"column-bg-overlay-wrap column-bg-layer\" data-bg-animation=\"none\"><div class=\"column-bg-overlay\" style=\"opacity: 0.8; background-color: #ffffff;\"><\/div><\/div>\n\t\t\t<div class=\"wpb_wrapper\">\n\t\t\t\t<h1 style=\"color: #ff1a19;text-align: left\" class=\"vc_custom_heading vc_do_custom_heading\" >Politique de confidentialit\u00e9<\/h1>\n<div class=\"wpb_text_column wpb_content_element\" >\n\t<div class=\"wpb_wrapper\">\n\t\t<p>L'Association Canadienne des Libert\u00e9s Civiles (ACLC) et Le Fid\u00e9icommis Canadien d\u2019Education en Libert\u00e9s Civiles (FCEL) ont r\u00e9solus \u00e0 prot\u00e9ger la confidentialit\u00e9 des informations personnelles des utilisateurs de leur site web, de leurs employ\u00e9s, de leurs membres et de leurs donateurs. Nous appr\u00e9cions la confiance de nos partenaires et du public, et nous reconnaissons que le maintien de cette confiance signifie que nous soyons transparents et responsables du traitement des informations que vous choisissez de partager avec nous.<\/p>\n<p>Nous recueillons et utilisons des informations personnelles dans le cadre de nos activit\u00e9s \u00e9ducatives ou de collecte de fonds ou pour attirer ou conserver des membres.\n\nToute personne aupr\u00e8s de laquelle nous recueillons des informations doit s'attendre \u00e0 ce que ses informations soient soigneusement prot\u00e9g\u00e9es et que toute utilisation ou tout autre traitement des informations soit soumis \u00e0 leur consentement. Nos politiques de protection de la vie priv\u00e9e sont con\u00e7ues pour atteindre cet objectif.<\/p>\n<h3>INFORMATIONS PERSONNELLES<\/h3>\n<p>Les informations personnelles sont toutes les informations qui peuvent \u00eatre utilis\u00e9es pour distinguer, identifier ou contacter une personne sp\u00e9cifique. Le site web That's Not Fair\/Ce n\u2019est pas juste! peut vous demander votre adresse \u00e9lectronique quand vous t\u00e9l\u00e9chargez des ressources. Ces adresses \u00e9lectroniques ne sont utilis\u00e9es que pour vous communiquer des informations sur nos programmes et le travail de l'organisation. La fourniture d'une adresse \u00e9lectronique est facultative et tous les documents peuvent \u00eatre t\u00e9l\u00e9charg\u00e9s sans cette information. Les noms et adresses \u00e9lectroniques sont \u00e9galement recueillis aupr\u00e8s des utilisateurs qui choisissent de \u00ab nous \"contacter \u00bb.<\/p>\n<h3>SAUVEGARDES<\/h3>\n<p>Les informations personnelles recueillies par notre organisation sont gard\u00e9es confidentielles. Seuls les membres du personnel s\u00e9lectionn\u00e9s auront acc\u00e8s \u00e0 ces informations personnelles, et uniquement aux fins pour lesquelles elles ont \u00e9t\u00e9 collect\u00e9es. Toutes les informations personnelles sont conserv\u00e9es en toute s\u00e9curit\u00e9 dans des zones verrouill\u00e9es et les informations \u00e9lectroniques sont prot\u00e9g\u00e9es par un mot de passe. Les informations personnelles sont d\u00e9truites dans des conditions s\u00e9curis\u00e9es et contr\u00f4l\u00e9es.<\/p>\n<h3>OBJECTIF DE LA COLLECTE ET DE L'UTILISATION<\/h3>\n<p>Les informations personnelles sont collect\u00e9es \u00e0 partir de ce site web uniquement aux fins suivantes : pour r\u00e9pondre aux demandes de informations envoy\u00e9es via \"Contactez-nous\", ou pour diffuser des informations sur les ressources et les projets de l'ACLC\/FCEL, si l'utilisateur a accept\u00e9 de recevoir ces informations. Les informations personnelles ne sont jamais partag\u00e9es avec d'autres organisations. Nous recueillons, utilisons et divulguons les informations personnelles uniquement \u00e0 ces fins et \u00e0 aucune autre.<\/p>\n<p>Le site utilise \u00e9galement Google Analytics pour nous aider \u00e0 analyser la mani\u00e8re dont les visiteurs utilisent le site. Google Analytics utilise des cookies pour collecter des informations sur le nombre de visites du site, la page web qui a renvoy\u00e9 les visiteurs au site, la langue, le p\u00e9riph\u00e9rique, le navigateur et le syst\u00e8me op\u00e9rationnel, les pages que les visiteurs consultent sur le site et d'autres d\u00e9tails similaires.\n\nNous ne partageons pas ces informations avec des tiers parties. Lorsqu'il est utilis\u00e9 de cette fa\u00e7on, le cookie de Google Analytics est un cookie persistant et restera sur votre appareil jusqu'\u00e0 ce que le cookie expire (apr\u00e8s 1 an) ou que vous le supprimiez, ce que vous pouvez faire dans votre navigateur. Nous utilisons \u00e9galement Google Analytics comme cookie de session.  Nous ne conservons pas ces donn\u00e9es car elles sont supprim\u00e9es \u00e0 la fermeture de votre navigateur.<\/p>\n<h3>OBTENIR\/MODIFIER DES INFORMATIONS PERSONNELLES<\/h3>\n<p>Un utilisateur, membre ou donateur peut obtenir l'acc\u00e8s \u00e0 ses propres informations oralement ou par \u00e9crit \u00e0 l'ACLC, et peut demander des modifications des ces informations. Avant toute divulgation ou modification, nous essaierons de v\u00e9rifier votre identit\u00e9 \u00e0 des fins de s\u00e9curit\u00e9. Les informations personnelles ne peuvent pas \u00eatre et ne seront pas r\u00e9v\u00e9l\u00e9es \u00e0 des personnes autres que celle \u00e0 laquelle elles se rapportent.<\/p>\n<h3>PLAINTES<\/h3>\n<p>Les plaintes concernant la collecte, l'utilisation ou la destruction d'informations personnelles par l'ACLC doivent \u00eatre adress\u00e9es par \u00e9crit au directeur de l'administration. Le directeur enverra un avis de r\u00e9ception dans un d\u00e9lai de 14 jours, et apr\u00e8s avoir tent\u00e9 de r\u00e9soudre la plainte, il enverra un avis final de r\u00e9solution de la plainte dans un d\u00e9lai de 30 jours.<\/p>\n<h3>POUR NOUS CONTACTER<\/h3>\n<p>Vos questions, pr\u00e9occupations ou plaintes relatives \u00e0 la politique de confidentialit\u00e9 de l'ACLC doivent \u00eatre adress\u00e9es \u00e0 :\nDirecteur de l'administration,\n#900, 90 Eglinton Ave. E\nToronto, ON M4P 1A6 \nT\u00e9l\u00e9phone 416-363-0321 \nCourriel : administration @ ccla.org<\/p>\n<p>Vous trouverez de plus amples informations sur la protection de la vie priv\u00e9e et vos droits sur le site web de le commissaire \u00e0 la protection de la vie priv\u00e9e du Canada \u00e0 l'adresse suivante : <a href=\"https:\/\/www.priv.gc.ca\/fr\/\" target=\"_blank\" rel=\"noopener noreferrer\">www.priv.gc.ca<\/a>.<\/p>\n\t<\/div>\n<\/div>\n\n\n\n\n\t\t\t<\/div> \n\t\t<\/div>\n\t<\/div> \n<\/div><\/div>","protected":false},"excerpt":{"rendered":"Privacy Policy The Canadian Civil Liberties Association (CCLA) and Canadian Civil Liberties Education Trust (CCLET) is committed to protecting the privacy of the personal information of its website users, employees,...","protected":false},"author":2,"featured_media":0,"parent":0,"menu_order":0,"comment_status":"open","ping_status":"open","template":"","meta":{"footnotes":""},"class_list":["post-2096","page","type-page","status-publish"],"_links":{"self":[{"href":"https:\/\/thatsnotfair.ca\/fr\/wp-json\/wp\/v2\/pages\/2096","targetHints":{"allow":["GET"]}}],"collection":[{"href":"https:\/\/thatsnotfair.ca\/fr\/wp-json\/wp\/v2\/pages"}],"about":[{"href":"https:\/\/thatsnotfair.ca\/fr\/wp-json\/wp\/v2\/types\/page"}],"author":[{"embeddable":true,"href":"https:\/\/thatsnotfair.ca\/fr\/wp-json\/wp\/v2\/users\/2"}],"replies":[{"embeddable":true,"href":"https:\/\/thatsnotfair.ca\/fr\/wp-json\/wp\/v2\/comments?post=2096"}],"version-history":[{"count":6,"href":"https:\/\/thatsnotfair.ca\/fr\/wp-json\/wp\/v2\/pages\/2096\/revisions"}],"predecessor-version":[{"id":2227,"href":"https:\/\/thatsnotfair.ca\/fr\/wp-json\/wp\/v2\/pages\/2096\/revisions\/2227"}],"wp:attachment":[{"href":"https:\/\/thatsnotfair.ca\/fr\/wp-json\/wp\/v2\/media?parent=2096"}],"curies":[{"name":"wp","href":"https:\/\/api.w.org\/{rel}","templated":true}]}}