{"id":945,"date":"2012-10-04T20:51:57","date_gmt":"2012-10-04T20:51:57","guid":{"rendered":"http:\/\/localhost:8888\/pagelines\/?page_id=945"},"modified":"2020-07-27T19:37:02","modified_gmt":"2020-07-27T19:37:02","slug":"about-us","status":"publish","type":"page","link":"https:\/\/thatsnotfair.ca\/fr\/about-us\/","title":{"rendered":"\u00c0 propos"},"content":{"rendered":"<div id=\"fws_69e5c61865892\"  data-column-margin=\"default\" data-midnight=\"dark\"  class=\"wpb_row vc_row-fluid vc_row full-width-section vc_row-o-equal-height vc_row-flex vc_row-o-content-top\"  style=\"padding-top: 0px; padding-bottom: 0px; \"><div class=\"row-bg-wrap\" data-bg-animation=\"none\" data-bg-animation-delay=\"\" data-bg-overlay=\"false\"><div class=\"inner-wrap row-bg-layer using-image\" ><div class=\"row-bg viewport-desktop using-image\"  style=\"background-image: url(https:\/\/thatsnotfair.ca\/wp-content\/uploads\/2012\/07\/CityHall.jpg); background-position: left top; background-repeat: no-repeat; \"><\/div><\/div><\/div><div class=\"row_col_wrap_12 col span_12 dark left\">\n\t<div style=\"\" class=\"vc_col-sm-12 wpb_column column_container vc_column_container col padding-5-percent inherit_tablet inherit_phone\" data-using-bg=\"true\" data-padding-pos=\"all\" data-has-bg-color=\"true\" data-bg-color=\"#ffffff\" data-bg-opacity=\"0.8\" data-hover-bg=\"#ffffff\" data-hover-bg-opacity=\"0.8\" data-animation=\"\" data-delay=\"0\" >\n\t\t<div class=\"vc_column-inner\" ><div class=\"column-bg-overlay-wrap column-bg-layer\" data-bg-animation=\"none\"><div class=\"column-bg-overlay\" style=\"opacity: 0.8; background-color: #ffffff;\"><\/div><\/div>\n\t\t\t<div class=\"wpb_wrapper\">\n\t\t\t\t<h1 style=\"color: #ff1a19;text-align: left\" class=\"vc_custom_heading vc_do_custom_heading\" >\u00c0 propos<\/h1><h2 style=\"color: #3366ff;text-align: left\" class=\"vc_custom_heading vc_do_custom_heading\" >L'Association canadienne des libert\u00e9s civiles (ACLC)<\/h2>\n<div class=\"wpb_text_column wpb_content_element\" >\n\t<div class=\"wpb_wrapper\">\n\t\t<p>Fond\u00e9e en 1964, l'ACLC est une organisation \u00e0 but non lucratif, non gouvernementale et nationale qui travaille pour la protection et \u00e0 la promotion des droits et des libert\u00e9s devant les tribunaux, dans la communaut\u00e9 et dans les \u00e9coles. Nous d\u00e9fendons la libert\u00e9, l'\u00e9quit\u00e9 et un avenir meilleur pour toutes les personnes vivant au Canada.<\/p>\n<p>Les programmes \u00e9ducatifs de l'ACLC con\u00e7us pour les enseignants et les \u00e9tudiants sont financ\u00e9s par la Fondation du droit de l'Ontario et d'autres donateurs et sympathisants.  C\u2019est Injuste ! est un projet \u00e9ducatif sp\u00e9cial de l'ACLC soutenu en partie par une subvention du programme des droits de l'homme de patrimoine Canadien.<\/p>\n<p>L\u2019ACLC est convaincue que si une personne a la capacit\u00e9 de dire \"c\u2019est injuste !\u201d, cette personne peut d\u00e9velopper une pens\u00e9e critique pour examiner les droits et les responsabilit\u00e9s. L'ACLC pense que les enfants qui r\u00e9fl\u00e9chissent et comprennent leurs droits et leurs responsabilit\u00e9s sont mieux pr\u00e9par\u00e9s \u00e0 vivre dans une communaut\u00e9 diversifi\u00e9e.\n\nComprendre qu'il est acceptable d'avoir des points de vue diff\u00e9rents et que nous pouvons avoir des d\u00e9saccords avec un autre de mani\u00e8re respectueuse, est un aspect important de l'engagement d\u00e9mocratique et civique. Certaines recherches indiquent que lorsque les enfants sont encourag\u00e9s \u00e0 exprimer des opinions divergentes, les intimidations peuvent \u00eatre r\u00e9duites.<\/p>\n<p>L'approche d\u2019'\u00e9quilibrer des valeurs\" utilis\u00e9e par l'ACLC dans ses programmes \u00e9ducatifs invite les enfants \u00e0 examiner et \u00e0 explorer les dilemmes \u00e9thiques de perspectives multiples. \n\nEn utilisant les principes qui inspirent la Charte Canadienne des droits et libert\u00e9s, l'ACLC offre aux enfants et aux enseignants un cadre simplifi\u00e9 pour examiner les questions d'\u00e9quit\u00e9. De cette fa\u00e7on, l'ACLC aide les participants \u00e0 acqu\u00e9rir les habitudes de la d\u00e9mocratie.<\/p>\n<p>Les ressources et les programmes de l'ACLC explorent les questions de justice sociale et posent des questions qui n'ont pas de r\u00e9ponses faciles. \u00c9labor\u00e9s par des enseignants, des universitaires et des juristes, les programmes \u00e9ducatifs de l'ACLC soutiennent et r\u00e9pondent aux objectifs des curriculum provinciaux dans une vari\u00e9t\u00e9 de sujets, comme les arts du langage, l'\u00e9ducation aux m\u00e9dias, l'histoire et les \u00e9tudes sociales.<\/p>\n<p>Depuis 1964, l'ACLC s'oppose activement aux pouvoirs excessifs en luttant contre les violations des droits, les abus de pouvoir de la police, les in\u00e9galit\u00e9s et les discriminations.<\/p>\n\t<\/div>\n<\/div>\n\n\n\n<h2 style=\"color: #3366ff;text-align: left\" class=\"vc_custom_heading vc_do_custom_heading\" >La Fiducie canadienne pour l'\u00e9ducation sur les libert\u00e9s civiles (CCLET)<\/h2>\n<div class=\"wpb_text_column wpb_content_element\" >\n\t<div class=\"wpb_wrapper\">\n\t\t<p>Cr\u00e9\u00e9e en 1967 par l'Association Canadienne des Libert\u00e9s Civiles, Le Fid\u00e9icommis Canadien d'Education en Libert\u00e9s Civiles (FCELC) est un organisme de recherche et d\u2019\u00e9ducation publique \u00e0 but non lucratif.<\/p>\n\t<\/div>\n<\/div>\n\n\n\n\n\t\t\t<\/div> \n\t\t<\/div>\n\t<\/div> \n<\/div><\/div>","protected":false},"excerpt":{"rendered":"About UsThe Canadian Civil Liberties Association (CCLA) Founded in 1964, the CCLA is a national, non-profit, non-governmental organization that works to protect and promote rights and freedoms through the courts,...","protected":false},"author":3,"featured_media":0,"parent":0,"menu_order":0,"comment_status":"open","ping_status":"open","template":"","meta":{"footnotes":""},"class_list":["post-945","page","type-page","status-publish"],"_links":{"self":[{"href":"https:\/\/thatsnotfair.ca\/fr\/wp-json\/wp\/v2\/pages\/945","targetHints":{"allow":["GET"]}}],"collection":[{"href":"https:\/\/thatsnotfair.ca\/fr\/wp-json\/wp\/v2\/pages"}],"about":[{"href":"https:\/\/thatsnotfair.ca\/fr\/wp-json\/wp\/v2\/types\/page"}],"author":[{"embeddable":true,"href":"https:\/\/thatsnotfair.ca\/fr\/wp-json\/wp\/v2\/users\/3"}],"replies":[{"embeddable":true,"href":"https:\/\/thatsnotfair.ca\/fr\/wp-json\/wp\/v2\/comments?post=945"}],"version-history":[{"count":34,"href":"https:\/\/thatsnotfair.ca\/fr\/wp-json\/wp\/v2\/pages\/945\/revisions"}],"predecessor-version":[{"id":1945,"href":"https:\/\/thatsnotfair.ca\/fr\/wp-json\/wp\/v2\/pages\/945\/revisions\/1945"}],"wp:attachment":[{"href":"https:\/\/thatsnotfair.ca\/fr\/wp-json\/wp\/v2\/media?parent=945"}],"curies":[{"name":"wp","href":"https:\/\/api.w.org\/{rel}","templated":true}]}}